{"id":89,"date":"2022-04-10T19:02:00","date_gmt":"2022-04-10T17:02:00","guid":{"rendered":"https:\/\/www.eigentlich-kultur.at\/kultur\/?page_id=89"},"modified":"2026-02-16T22:36:42","modified_gmt":"2026-02-16T21:36:42","slug":"impressum","status":"publish","type":"page","link":"https:\/\/www.eigentlich-kultur.at\/kultur\/impressum\/","title":{"rendered":"impressum"},"content":{"rendered":"<div class=\"impressum\">\n<div class=\"impressum__firmenname\"><strong>eigentlich kultur &#8211; netzwerk f\u00fcr kunst- und kulturschaffende<\/strong><\/div>\n<div><\/div>\n<div class=\"impressum__email\"><a href=\"mailto:verein@eigentlich-kultur.at\">verein@eigentlich-kultur.at<\/a><\/div>\n<div class=\"impressum__telefon\">+43 681 2020 8380<\/div>\n<div class=\"impressum__addresse\">unterer stadtplatz 2 \u2022 6060 hall in tirol<\/div>\n<div class=\"impressum__vereinszweck\"><strong>vereinszweck<\/strong>: netzwerk f\u00fcr kunst- und kulturschaffende<\/div>\n<div class=\"impressum__aufsichtsbehoerde\"><strong>aufsichtsbeh\u00f6rde<\/strong>: Bezirkshauptmannschaft Innsbruck Land<\/div>\n<div class=\"impressum__anwendbare-vorschriften\">\n<p><strong>anwendbare gewerbe- oder berufsrechtliche vorschriften:<\/strong><\/p>\n<p><a href=\"http:\/\/www.ris.bka.gv.at\" target=\"_blank\" rel=\"noopener\">\u00f6sterreichisches vereinsgesetz<\/a><\/p>\n<\/div>\n<div class=\"impressum__blattlinie\"><\/div>\n<div class=\"impressum__flinkshop\"><\/div>\n<\/div>\n","protected":false},"excerpt":{"rendered":"<p>eigentlich kultur &#8211; netzwerk f\u00fcr kunst- und kulturschaffende verein@eigentlich-kultur.at +43 681 2020 8380 unterer stadtplatz 2 \u2022 6060 hall in tirol vereinszweck: netzwerk f\u00fcr kunst- und kulturschaffende aufsichtsbeh\u00f6rde: Bezirkshauptmannschaft Innsbruck Land anwendbare gewerbe- oder berufsrechtliche vorschriften: \u00f6sterreichisches vereinsgesetz<\/p>\n","protected":false},"author":2,"featured_media":0,"parent":0,"menu_order":0,"comment_status":"closed","ping_status":"closed","template":"","meta":{"footnotes":""},"class_list":["post-89","page","type-page","status-publish","hentry",""],"_links":{"self":[{"href":"https:\/\/www.eigentlich-kultur.at\/kultur\/wp-json\/wp\/v2\/pages\/89","targetHints":{"allow":["GET"]}}],"collection":[{"href":"https:\/\/www.eigentlich-kultur.at\/kultur\/wp-json\/wp\/v2\/pages"}],"about":[{"href":"https:\/\/www.eigentlich-kultur.at\/kultur\/wp-json\/wp\/v2\/types\/page"}],"author":[{"embeddable":true,"href":"https:\/\/www.eigentlich-kultur.at\/kultur\/wp-json\/wp\/v2\/users\/2"}],"replies":[{"embeddable":true,"href":"https:\/\/www.eigentlich-kultur.at\/kultur\/wp-json\/wp\/v2\/comments?post=89"}],"version-history":[{"count":3,"href":"https:\/\/www.eigentlich-kultur.at\/kultur\/wp-json\/wp\/v2\/pages\/89\/revisions"}],"predecessor-version":[{"id":1131,"href":"https:\/\/www.eigentlich-kultur.at\/kultur\/wp-json\/wp\/v2\/pages\/89\/revisions\/1131"}],"wp:attachment":[{"href":"https:\/\/www.eigentlich-kultur.at\/kultur\/wp-json\/wp\/v2\/media?parent=89"}],"curies":[{"name":"wp","href":"https:\/\/api.w.org\/{rel}","templated":true}]}}